{"id":8263,"date":"2019-11-13T11:52:07","date_gmt":"2019-11-13T10:52:07","guid":{"rendered":"https:\/\/wdkpartner.com\/cookies\/"},"modified":"2023-03-22T10:15:36","modified_gmt":"2023-03-22T09:15:36","slug":"cookies","status":"publish","type":"page","link":"https:\/\/wdkpartner.com\/en\/cookies\/","title":{"rendered":"Cookies"},"content":{"rendered":"[vc_row type=&#8221;full_width_content&#8221; full_screen_row_position=&#8221;middle&#8221; column_margin=&#8221;default&#8221; column_direction=&#8221;default&#8221; column_direction_tablet=&#8221;default&#8221; column_direction_phone=&#8221;default&#8221; scene_position=&#8221;center&#8221; text_color=&#8221;dark&#8221; text_align=&#8221;left&#8221; row_border_radius=&#8221;none&#8221; row_border_radius_applies=&#8221;bg&#8221; overflow=&#8221;visible&#8221; advanced_gradient_angle=&#8221;0&#8243; overlay_strength=&#8221;0.3&#8243; gradient_direction=&#8221;left_to_right&#8221; shape_divider_position=&#8221;bottom&#8221; bg_image_animation=&#8221;none&#8221; gradient_type=&#8221;default&#8221; shape_type=&#8221;&#8221;][vc_column column_padding=&#8221;padding-2-percent&#8221; column_padding_tablet=&#8221;inherit&#8221; column_padding_phone=&#8221;inherit&#8221; column_padding_position=&#8221;left-right&#8221; column_element_spacing=&#8221;default&#8221; background_color_opacity=&#8221;1&#8243; background_hover_color_opacity=&#8221;1&#8243; column_shadow=&#8221;none&#8221; column_border_radius=&#8221;none&#8221; column_link_target=&#8221;_self&#8221; column_position=&#8221;default&#8221; advanced_gradient_angle=&#8221;0&#8243; gradient_direction=&#8221;left_to_right&#8221; overlay_strength=&#8221;0.3&#8243; width=&#8221;1\/1&#8243; tablet_width_inherit=&#8221;default&#8221; tablet_text_alignment=&#8221;default&#8221; phone_text_alignment=&#8221;default&#8221; animation_type=&#8221;default&#8221; bg_image_animation=&#8221;none&#8221; border_type=&#8221;simple&#8221; column_border_width=&#8221;none&#8221; column_border_style=&#8221;solid&#8221; gradient_type=&#8221;default&#8221;][nectar_animated_title heading_tag=&#8221;h2&#8243; style=&#8221;color-strip-reveal&#8221; color=&#8221;Accent-Color&#8221; text=&#8221;Cookies&#8221;][vc_column_text css=&#8221;.vc_custom_1679476519407{margin-bottom: 30px !important;}&#8221;]\n<section class=\"elementor-section elementor-top-section elementor-element elementor-element-21acdeef elementor-section-boxed elementor-section-height-default elementor-section-height-default\" data-id=\"21acdeef\" data-element_type=\"section\">\n<div class=\"elementor-container elementor-column-gap-default\">\n<div class=\"elementor-row\">\n<div class=\"elementor-column elementor-col-100 elementor-top-column elementor-element elementor-element-6435c5ae\" data-id=\"6435c5ae\" data-element_type=\"column\">\n<div class=\"elementor-column-wrap elementor-element-populated\">\n<div class=\"elementor-widget-wrap\">\n<div class=\"elementor-element elementor-element-63652377 elementor-widget elementor-widget-text-editor\" data-id=\"63652377\" data-element_type=\"widget\" data-widget_type=\"text-editor.default\">\n<div class=\"elementor-widget-container\">\n<div class=\"elementor-text-editor elementor-clearfix\">\n<p><strong>1.\u00a0Cookie Policy<\/strong><\/p>\n<p>WDK Groupe Partner (referred to in this policy as \u201cWDK\u201d\/\u201dwe\u201d\/\u201dour\u201d\/\u201dus\u201d) is committed to protecting your personal information when you are using our site www.wdkpartner.com. The legal basis of data protection is the General Data Protection Regulation (GDPR) by the EU. \u00a0When you visit our site www.wdkpartner.com cookies may be stored on your computer, tablet or your smartphone. This policy will explain the use of cookies and how to configure and delete cookies through the browser. For more information or exercise your right to access, modify, rectify and erase data concerning you in accordance with Article 34 of French n\u00b078-17 of 6 January 1978 on Data Processing, Data Files and Individual Liberties, on our site www.wdkpartner.com, please address your inquiry to the DPO (Data Protection Officer) andAu D.P.D (D\u00e9l\u00e9gu\u00e9 \u00e0 la Protection des Donn\u00e9es) :Email us at: privacy@wdkpartner.com<\/p>\n<p>Write to us at: WDK GROUPE PARTNER \u2013 NODE PARK TOURAINE 90 Rue Guglielmo Marconi 37310 TAUXIGNY, FRANCE<\/p>\n<p>In this context, your request must be dated, signed and accompanied by a photocopy\/scan of an identity card. Via the Contact tab on our site www.wdkpartner.com\/contact.<\/p>\n<p>&nbsp;<\/p>\n<p><strong>2. What are cookies?<br \/>\n<\/strong><\/p>\n<p>Cookies are text files that are placed and stored on the hard drive of your terminal by a website server. A cookie is a small file which cannot be used to identify the user but which records information concerning the browsing by a computer on a site. Some cookies are required to access some site functionalities. Others are used to personalize the visitor\u2019s experience.<\/p>\n<p>To read more about cookies: <a href=\"https:\/\/www.cnil.fr\/en\/home\">CNIL website<\/a> (in French &amp; English).<\/p>\n<p>&nbsp;<\/p>\n<p><strong>3. Cookies present on WDK\u2019s internet sites<br \/>\n<\/strong><\/p>\n<p>Especially on the following ones:<\/p>\n<ul>\n<li><a href=\"http:\/\/www.wdkpartner.com\">www.wdkpartner.com<\/a><\/li>\n<li><a href=\"http:\/\/www.jouets-sajou.com\">www.jouets-sajou.com<\/a><\/li>\n<li><a href=\"http:\/\/www.widyka.com\">www.widyka.com<\/a><\/li>\n<\/ul>\n<p>The website <a href=\"http:\/\/www.wdkpartner.com\">www.wdkpartner.com<\/a> uses cookies to provide content and services adapted to user preferences, to share content on a website via social networking sites, and to record statistics and site visit figures.<\/p>\n<p>We use the following types of cookies on our website:<\/p>\n<ul>\n<li><strong>Functionality cookies<\/strong><\/li>\n<li><strong>Performance cookies<\/strong><\/li>\n<li><strong>Sharing cookies<\/strong><strong>3.1 Functionality Cookies<\/strong><\/li>\n<\/ul>\n<p>These cookies are essential in order to enable you to navigate this website and use certain features.<strong>3.2 Performance cookies<br \/>\n<\/strong><\/p>\n<p>Performance or analytics cookies are used to establish statistics, the number of visitors and the sections which are consulted the most often.<\/p>\n<p>These cookies allow us to monitor the use and performance of our websites, establish statistics, number of visitors and the use of various website elements (e.g. pages viewed, how visitors move around the site). They help us to ensure our services are interesting and user-friendly (e.g. which pages are the most popular, the most read articles). These cookies allow us to measure and improve the performance of our websites.<\/p>\n<p>This website uses Google Analytics to see information on user activities including, but not limited to page views, source and time spent on www.wdkpartner.com.<\/p>\n<p>&nbsp;<\/p>\n<p><strong>4. Configuring and deleting cookies<br \/>\n<\/strong><\/p>\n<p>You can give consent to the use of cookies or remove it at any time by adjusting your browser\u2019s settings.<\/p>\n<p>Depending on the type of browser, there are a number of ways for you to manage cookies. Through your browser settings, you can accept or decline cookies or set your browser to prompt you before accepting a cookie from websites you visit.<\/p>\n<p>The various browsers provide different procedures to manage your settings. Please click below for detailed information on how to disable and delete cookies in some commonly used browsers:<\/p>\n<ul>\n<li>Google Chrome\u2122<\/li>\n<li>Mozilla Firefox<sup>\u00ae<\/sup><\/li>\n<li>Microsoft<sup>\u00ae<\/sup> Windows Explorer<\/li>\n<li>Opera\u2122<\/li>\n<li>Apple Safari<sup>\u00ae<\/sup><\/li>\n<\/ul>\n<p>To learn more about Google Analytics\u2019 privacy controls and in particular how to disable Analytics data collection, please click on the link below:<\/p>\n<p><a href=\"https:\/\/support.google.com\/analytics\/answer\/9019185?hl=en&amp;ref_topic=2919631\">https:\/\/support.google.com\/analytics\/answer\/9019185?hl=en&amp;ref_topic=2919631<\/a><\/p>\n<p>&nbsp;<\/p>\n<p><strong>5. More information about cookies<\/strong><\/p>\n<p>To read more about cookies<\/p>\n<ul>\n<li style=\"list-style-type: none;\">\n<ul>\n<li>CNIL website (in French)<\/li>\n<li><a href=\"https:\/\/www.allaboutcookies.org.\">https:\/\/www.allaboutcookies.org.<\/a><\/li>\n<\/ul>\n<\/li>\n<\/ul>\n<\/div>\n<\/div>\n<\/div>\n<\/div>\n<\/div>\n<\/div>\n<\/div>\n<\/div>\n<\/section>\n[\/vc_column_text][\/vc_column][\/vc_row]\n","protected":false},"excerpt":{"rendered":"<p>\t\t\t\t<![CDATA[]]>\t\t<\/p>\n","protected":false},"author":3,"featured_media":0,"parent":0,"menu_order":0,"comment_status":"closed","ping_status":"closed","template":"","meta":{"footnotes":""},"class_list":["post-8263","page","type-page","status-publish"],"yoast_head":"<!-- This site is optimized with the Yoast SEO plugin v26.9 - https:\/\/yoast.com\/product\/yoast-seo-wordpress\/ -->\n<title>Cookies - WDK Groupe Partner<\/title>\n<meta name=\"robots\" content=\"index, follow, max-snippet:-1, max-image-preview:large, max-video-preview:-1\" \/>\n<link rel=\"canonical\" href=\"https:\/\/wdkpartner.com\/en\/cookies\/\" \/>\n<meta property=\"og:locale\" content=\"en_US\" \/>\n<meta property=\"og:type\" content=\"article\" \/>\n<meta property=\"og:title\" content=\"Cookies - WDK Groupe Partner\" \/>\n<meta property=\"og:url\" content=\"https:\/\/wdkpartner.com\/en\/cookies\/\" \/>\n<meta property=\"og:site_name\" content=\"WDK Groupe Partner\" \/>\n<meta property=\"article:modified_time\" content=\"2023-03-22T09:15:36+00:00\" \/>\n<meta name=\"twitter:card\" content=\"summary_large_image\" \/>\n<meta name=\"twitter:label1\" content=\"Est. reading time\" \/>\n\t<meta name=\"twitter:data1\" content=\"4 minutes\" \/>\n<script type=\"application\/ld+json\" class=\"yoast-schema-graph\">{\"@context\":\"https:\/\/schema.org\",\"@graph\":[{\"@type\":\"WebPage\",\"@id\":\"https:\/\/wdkpartner.com\/en\/cookies\/\",\"url\":\"https:\/\/wdkpartner.com\/en\/cookies\/\",\"name\":\"Cookies - WDK Groupe Partner\",\"isPartOf\":{\"@id\":\"https:\/\/wdkpartner.com\/en\/#website\"},\"datePublished\":\"2019-11-13T10:52:07+00:00\",\"dateModified\":\"2023-03-22T09:15:36+00:00\",\"breadcrumb\":{\"@id\":\"https:\/\/wdkpartner.com\/en\/cookies\/#breadcrumb\"},\"inLanguage\":\"en-US\",\"potentialAction\":[{\"@type\":\"ReadAction\",\"target\":[\"https:\/\/wdkpartner.com\/en\/cookies\/\"]}]},{\"@type\":\"BreadcrumbList\",\"@id\":\"https:\/\/wdkpartner.com\/en\/cookies\/#breadcrumb\",\"itemListElement\":[{\"@type\":\"ListItem\",\"position\":1,\"name\":\"Accueil\",\"item\":\"https:\/\/wdkpartner.com\/en\/\"},{\"@type\":\"ListItem\",\"position\":2,\"name\":\"Cookies\"}]},{\"@type\":\"WebSite\",\"@id\":\"https:\/\/wdkpartner.com\/en\/#website\",\"url\":\"https:\/\/wdkpartner.com\/en\/\",\"name\":\"WDK Groupe Partner\",\"description\":\"\",\"publisher\":{\"@id\":\"https:\/\/wdkpartner.com\/en\/#organization\"},\"potentialAction\":[{\"@type\":\"SearchAction\",\"target\":{\"@type\":\"EntryPoint\",\"urlTemplate\":\"https:\/\/wdkpartner.com\/en\/?s={search_term_string}\"},\"query-input\":{\"@type\":\"PropertyValueSpecification\",\"valueRequired\":true,\"valueName\":\"search_term_string\"}}],\"inLanguage\":\"en-US\"},{\"@type\":\"Organization\",\"@id\":\"https:\/\/wdkpartner.com\/en\/#organization\",\"name\":\"WDK Groupe Partner\",\"url\":\"https:\/\/wdkpartner.com\/en\/\",\"logo\":{\"@type\":\"ImageObject\",\"inLanguage\":\"en-US\",\"@id\":\"https:\/\/wdkpartner.com\/en\/#\/schema\/logo\/image\/\",\"url\":\"https:\/\/wdkpartner.com\/medias\/2023\/04\/Logo-RVB.png\",\"contentUrl\":\"https:\/\/wdkpartner.com\/medias\/2023\/04\/Logo-RVB.png\",\"width\":131,\"height\":163,\"caption\":\"WDK Groupe Partner\"},\"image\":{\"@id\":\"https:\/\/wdkpartner.com\/en\/#\/schema\/logo\/image\/\"},\"sameAs\":[\"https:\/\/fr.linkedin.com\/company\/wdk-groupe-partner-sas\",\"https:\/\/www.youtube.com\/@wdkgroupepartner6205\"]}]}<\/script>\n<!-- \/ Yoast SEO plugin. -->","yoast_head_json":{"title":"Cookies - WDK Groupe Partner","robots":{"index":"index","follow":"follow","max-snippet":"max-snippet:-1","max-image-preview":"max-image-preview:large","max-video-preview":"max-video-preview:-1"},"canonical":"https:\/\/wdkpartner.com\/en\/cookies\/","og_locale":"en_US","og_type":"article","og_title":"Cookies - WDK Groupe Partner","og_url":"https:\/\/wdkpartner.com\/en\/cookies\/","og_site_name":"WDK Groupe Partner","article_modified_time":"2023-03-22T09:15:36+00:00","twitter_card":"summary_large_image","twitter_misc":{"Est. reading time":"4 minutes"},"schema":{"@context":"https:\/\/schema.org","@graph":[{"@type":"WebPage","@id":"https:\/\/wdkpartner.com\/en\/cookies\/","url":"https:\/\/wdkpartner.com\/en\/cookies\/","name":"Cookies - WDK Groupe Partner","isPartOf":{"@id":"https:\/\/wdkpartner.com\/en\/#website"},"datePublished":"2019-11-13T10:52:07+00:00","dateModified":"2023-03-22T09:15:36+00:00","breadcrumb":{"@id":"https:\/\/wdkpartner.com\/en\/cookies\/#breadcrumb"},"inLanguage":"en-US","potentialAction":[{"@type":"ReadAction","target":["https:\/\/wdkpartner.com\/en\/cookies\/"]}]},{"@type":"BreadcrumbList","@id":"https:\/\/wdkpartner.com\/en\/cookies\/#breadcrumb","itemListElement":[{"@type":"ListItem","position":1,"name":"Accueil","item":"https:\/\/wdkpartner.com\/en\/"},{"@type":"ListItem","position":2,"name":"Cookies"}]},{"@type":"WebSite","@id":"https:\/\/wdkpartner.com\/en\/#website","url":"https:\/\/wdkpartner.com\/en\/","name":"WDK Groupe Partner","description":"","publisher":{"@id":"https:\/\/wdkpartner.com\/en\/#organization"},"potentialAction":[{"@type":"SearchAction","target":{"@type":"EntryPoint","urlTemplate":"https:\/\/wdkpartner.com\/en\/?s={search_term_string}"},"query-input":{"@type":"PropertyValueSpecification","valueRequired":true,"valueName":"search_term_string"}}],"inLanguage":"en-US"},{"@type":"Organization","@id":"https:\/\/wdkpartner.com\/en\/#organization","name":"WDK Groupe Partner","url":"https:\/\/wdkpartner.com\/en\/","logo":{"@type":"ImageObject","inLanguage":"en-US","@id":"https:\/\/wdkpartner.com\/en\/#\/schema\/logo\/image\/","url":"https:\/\/wdkpartner.com\/medias\/2023\/04\/Logo-RVB.png","contentUrl":"https:\/\/wdkpartner.com\/medias\/2023\/04\/Logo-RVB.png","width":131,"height":163,"caption":"WDK Groupe Partner"},"image":{"@id":"https:\/\/wdkpartner.com\/en\/#\/schema\/logo\/image\/"},"sameAs":["https:\/\/fr.linkedin.com\/company\/wdk-groupe-partner-sas","https:\/\/www.youtube.com\/@wdkgroupepartner6205"]}]}},"_links":{"self":[{"href":"https:\/\/wdkpartner.com\/en\/wp-json\/wp\/v2\/pages\/8263","targetHints":{"allow":["GET"]}}],"collection":[{"href":"https:\/\/wdkpartner.com\/en\/wp-json\/wp\/v2\/pages"}],"about":[{"href":"https:\/\/wdkpartner.com\/en\/wp-json\/wp\/v2\/types\/page"}],"author":[{"embeddable":true,"href":"https:\/\/wdkpartner.com\/en\/wp-json\/wp\/v2\/users\/3"}],"replies":[{"embeddable":true,"href":"https:\/\/wdkpartner.com\/en\/wp-json\/wp\/v2\/comments?post=8263"}],"version-history":[{"count":6,"href":"https:\/\/wdkpartner.com\/en\/wp-json\/wp\/v2\/pages\/8263\/revisions"}],"predecessor-version":[{"id":8269,"href":"https:\/\/wdkpartner.com\/en\/wp-json\/wp\/v2\/pages\/8263\/revisions\/8269"}],"wp:attachment":[{"href":"https:\/\/wdkpartner.com\/en\/wp-json\/wp\/v2\/media?parent=8263"}],"curies":[{"name":"wp","href":"https:\/\/api.w.org\/{rel}","templated":true}]}}